{"id":185,"date":"2018-06-27T19:37:22","date_gmt":"2018-06-27T19:37:22","guid":{"rendered":"http:\/\/atva-conference.org\/?page_id=185"},"modified":"2024-11-27T02:00:03","modified_gmt":"2024-11-27T02:00:03","slug":"accepted-papers","status":"publish","type":"page","link":"https:\/\/atva-conference.org\/2024\/call-for-papers\/accepted-papers\/","title":{"rendered":"Accepted Papers"},"content":{"rendered":"\n<figure class=\"is-style-stripes wp-block-table\"><table><tbody><tr><td>Yu-Cheng Wu, I-Ching Tseng and Chung-Wei Lin<\/td><td>Deep-Reinforcement-Learning-Based Design Space Exploration for Time-Sensitive Networking<\/td><\/tr><tr><td><a href=\"http:\/\/www.koehlma.de\">Maximilian Alexander K\u00f6hl<\/a>,&nbsp;<a href=\"http:\/\/clemensdubslaff.de\">Clemens Dubslaff<\/a>&nbsp;and&nbsp;<a href=\"http:\/\/depend.cs.uni-saarland.de\/hermanns\">Holger Hermanns<\/a><\/td><td>Configuration Monitor Synthesis<\/td><\/tr><tr><td>Mishel Carelli and&nbsp;<a href=\"http:\/\/www.cs.technion.ac.il\/~orna\">Orna Grumberg<\/a><\/td><td>CTL* Verification and Synthesis using Existential Horn Clauses<\/td><\/tr><tr><td>Gijs P. Leemrijse, Tom T.P. Franken and&nbsp;<a href=\"https:\/\/tneele.com\/\">Thomas Neele<\/a><\/td><td>Formalisation of a new weak Semantics for AuDaLa<\/td><\/tr><tr><td>Raz Lotan, Eden Frenkel and&nbsp;<a href=\"https:\/\/www.tau.ac.il\/~sharonshoham\/\">Sharon Shoham<\/a><\/td><td>Proving Cutoff Bounds for Safety Properties in First-Order Logic<\/td><\/tr><tr><td><a href=\"https:\/\/finkbeiner.groups.cispa.de\/people\/beutner.html\">Raven Beutner<\/a>&nbsp;and&nbsp;<a href=\"https:\/\/finkbeiner.groups.cispa.de\/people\/finkbeiner.html\">Bernd Finkbeiner<\/a><\/td><td>HyperSAT: Satisfiability of Hyperproperties using First-Order Logic<br>(\ud83c\udfc5 <strong>Distinguished Tool Paper<\/strong>)<\/td><\/tr><tr><td>Bader Abu Radi,&nbsp;<a href=\"http:\/\/www.cs.huji.ac.il\/~ornak\/\">Orna Kupferman<\/a>&nbsp;and Ofer Leshkowitz<\/td><td>Easy Complementation of History-Deterministic B\u00fcchi Automata<\/td><\/tr><tr><td>Andoni Rodriguez,&nbsp;<a href=\"http:\/\/software.imdea.org\/~cesar\">C\u00e9sar S\u00e1nchez<\/a>&nbsp;and Felipe Gorostiaga<\/td><td>Predictable and Performant Reactive Synthesis Modulo Theories via Functional Synthesis<\/td><\/tr><tr><td><a href=\"https:\/\/akihisayamada.github.io\/\">Akihisa Yamada<\/a>,&nbsp;<a href=\"https:\/\/jeremydubut.com\/\">J\u00e9r\u00e9my Dubut<\/a>&nbsp;and Takeshi Tsukada<\/td><td>TXtruct: A language for transforming texts to and from XML<\/td><\/tr><tr><td>Nikola Bene\u0161,&nbsp;<a href=\"http:\/\/www.fi.muni.cz\/usr\/brim\">Lubos Brim<\/a>, Ond\u0159ej Huvar, Samuel Pastva and David \u0160afr\u00e1nek<\/td><td>Symbolic Model Checking of Hybrid CTL on Coloured Kripke Structures<\/td><\/tr><tr><td><a href=\"https:\/\/noa-izsak.github.io\/\">Noa Izsak<\/a>,&nbsp;<a href=\"http:\/\/www.cs.bgu.ac.il\/~dana\">Dana Fisman<\/a>&nbsp;and&nbsp;<a href=\"https:\/\/cispa.de\/en\/people\/swen.jacobs\">Swen Jacobs<\/a><\/td><td>Learning Broadcast Protocols with LeoParDS<\/td><\/tr><tr><td><a href=\"https:\/\/isaglam.github.io\">Irmak Saglam<\/a>, Anne-Kathrin Schmuck and Munko Tsyrempilon<\/td><td>A Decremental Algorithm for Fair B\u00fcchi Games<br>(\ud83c\udfc5 <strong>Distinguished Paper<\/strong>)<\/td><\/tr><tr><td><a href=\"https:\/\/anirban11.github.io\">Anirban Majumdar<\/a>,&nbsp;<a href=\"https:\/\/mukherjee-sayan.github.io\">Sayan Mukherjee<\/a>&nbsp;and&nbsp;<a href=\"http:\/\/www.ulb.ac.be\/di\/ssd\/jfr\">Jean-Fran\u00e7ois Raskin<\/a><\/td><td>Greybox Learning of Languages Recognizable by Event-Recording Automata<\/td><\/tr><tr><td>Roman Andriushchenko, Milan Ceska,&nbsp;<a href=\"https:\/\/sjunges.github.io\/sebastian-junges\/\">Sebastian Junges<\/a>&nbsp;and&nbsp;<a href=\"https:\/\/www.fit.vut.cz\/~imacak\/\">Filip Mac\u00e1k<\/a><\/td><td>Policies Grow on Trees: Model Checking Families of MDPs<br>(\ud83c\udfc5 <strong>Distinguished Paper<\/strong>)<\/td><\/tr><tr><td><a href=\"https:\/\/kevinzhou96.github.io\/\">Kevin Zhou<\/a><\/td><td>Query Learning Bounds for Advice and Nominal Automata<\/td><\/tr><tr><td><a href=\"http:\/\/user.it.uu.se\/~parosh\/\">Parosh Aziz Abdulla<\/a>, Mohamed Faouzi Atig,&nbsp;<a href=\"https:\/\/jcailler.github.io\/\">Julie Cailler<\/a>, Chencheng Liang and&nbsp;<a href=\"http:\/\/www.philipp.ruemmer.org\">Philipp R\u00fcmmer<\/a><\/td><td>Guiding Word Equation Solving using Graph Neural Networks<\/td><\/tr><tr><td><a href=\"http:\/\/www.cs.huji.ac.il\/~ornak\/\">Orna Kupferman<\/a>&nbsp;and Noam Shenwald<\/td><td>Games with Weighted Multiple Objectives<\/td><\/tr><tr><td><a href=\"http:\/\/stanleybak.com\">Stanley Bak<\/a>, Abdelrahman Hekal, Niklas Kochdumper,&nbsp;<a href=\"https:\/\/galois.com\/team\/ethan-lew\/\">Ethan Lew<\/a>, Andrew Mata and&nbsp;<a href=\"https:\/\/amir.rahmati.com\">Amir Rahmati<\/a><\/td><td>Fast Koopman Surrogate Falsification using Linear Relaxations and Weights<\/td><\/tr><tr><td><a href=\"https:\/\/www.cse.chalmers.se\/~hausmann\/\">Daniel Hausmann<\/a>,&nbsp;<a href=\"http:\/\/mathieulehaut.org\">Mathieu Lehaut<\/a>&nbsp;and&nbsp;<a href=\"http:\/\/www.cse.chalmers.se\/~piterman\/\">Nir Piterman<\/a><\/td><td>Distribution of Reconfiguration Languages Maintaining Tree-like Communication Topology<\/td><\/tr><tr><td>Leonardo Lima, Jonathan Huerta Y Munive and&nbsp;<a href=\"https:\/\/traytel.bitbucket.io\">Dmitriy Traytel<\/a><\/td><td>WhyMon: A Runtime Monitoring Tool with Explanations as Verdicts<\/td><\/tr><tr><td>Parosh Abdulla,&nbsp;<a href=\"http:\/\/pub.ist.ac.at\/~agupta\">Ashutosh Gupta<\/a>,&nbsp;<a href=\"http:\/\/www.cse.iitb.ac.in\/~krishnas\">Krishna S<\/a>&nbsp;and Omkar Tuppe<\/td><td>Dynamic Partial Order Reduction for Transactional Programs on Serializable Platforms<\/td><\/tr><tr><td>Xinpeng Ni, Bican Xia and Tianqi Zhao<\/td><td>Local Search for Checking Satisfiability of Formulas with Trigonometric Functions<\/td><\/tr><tr><td>Ilia Zlatkin and&nbsp;<a href=\"http:\/\/www.cs.fsu.edu\/~grigory\/\">Grigory Fedyukovich<\/a><\/td><td>Leveraging Program Structure for Test Case Generation<\/td><\/tr><tr><td><a href=\"http:\/\/www.sosy-lab.org\/~dbeyer\/\">Dirk Beyer<\/a>,&nbsp;<a href=\"https:\/\/thomaslemberger.com\/\">Thomas Lemberger<\/a>&nbsp;and Henrik Wachowitz<\/td><td>CPA-Daemon: Mitigating Tool Restarts for Java-Based Verifiers<\/td><\/tr><\/tbody><\/table><\/figure>\n","protected":false},"excerpt":{"rendered":"<p>Yu-Cheng Wu, I-Ching Tseng and Chung-Wei Lin Deep-Reinforcement-Learning-Based Design Space Exploration for Time-Sensitive Networking Maximilian Alexander K\u00f6hl,&nbsp;Clemens Dubslaff&nbsp;and&nbsp;Holger Hermanns Configuration Monitor Synthesis Mishel Carelli and&nbsp;Orna Grumberg CTL* Verification and Synthesis using Existential Horn Clauses Gijs P. Leemrijse, Tom T.P. Franken and&nbsp;Thomas Neele Formalisation of a new weak Semantics for AuDaLa Raz Lotan, Eden Frenkel and&nbsp;Sharon&hellip;<\/p>\n","protected":false},"author":1,"featured_media":0,"parent":32,"menu_order":0,"comment_status":"closed","ping_status":"closed","template":"","meta":{"nf_dc_page":"","om_disable_all_campaigns":false,"_monsterinsights_skip_tracking":false,"_monsterinsights_sitenote_active":false,"_monsterinsights_sitenote_note":"","_monsterinsights_sitenote_category":0,"footnotes":""},"class_list":["post-185","page","type-page","status-publish","hentry"],"yoast_head":"<!-- This site is optimized with the Yoast SEO plugin v27.5 - https:\/\/yoast.com\/product\/yoast-seo-wordpress\/ -->\n<title>Accepted Papers - ATVA 2024, Kyoto, Japan<\/title>\n<meta name=\"robots\" content=\"index, follow, max-snippet:-1, max-image-preview:large, max-video-preview:-1\" \/>\n<link rel=\"canonical\" href=\"https:\/\/atva-conference.org\/2024\/call-for-papers\/accepted-papers\/\" \/>\n<meta property=\"og:locale\" content=\"en_US\" \/>\n<meta property=\"og:type\" content=\"article\" \/>\n<meta property=\"og:title\" content=\"Accepted Papers - ATVA 2024, Kyoto, Japan\" \/>\n<meta property=\"og:description\" content=\"Yu-Cheng Wu, I-Ching Tseng and Chung-Wei Lin Deep-Reinforcement-Learning-Based Design Space Exploration for Time-Sensitive Networking Maximilian Alexander K\u00f6hl,&nbsp;Clemens Dubslaff&nbsp;and&nbsp;Holger Hermanns Configuration Monitor Synthesis Mishel Carelli and&nbsp;Orna Grumberg CTL* Verification and Synthesis using Existential Horn Clauses Gijs P. Leemrijse, Tom T.P. Franken and&nbsp;Thomas Neele Formalisation of a new weak Semantics for AuDaLa Raz Lotan, Eden Frenkel and&nbsp;Sharon&hellip;\" \/>\n<meta property=\"og:url\" content=\"https:\/\/atva-conference.org\/2024\/call-for-papers\/accepted-papers\/\" \/>\n<meta property=\"og:site_name\" content=\"ATVA 2024, Kyoto, Japan\" \/>\n<meta property=\"article:modified_time\" content=\"2024-11-27T02:00:03+00:00\" \/>\n<meta name=\"twitter:card\" content=\"summary_large_image\" \/>\n<meta name=\"twitter:label1\" content=\"Est. reading time\" \/>\n\t<meta name=\"twitter:data1\" content=\"2 minutes\" \/>\n<script type=\"application\/ld+json\" class=\"yoast-schema-graph\">{\"@context\":\"https:\\\/\\\/schema.org\",\"@graph\":[{\"@type\":\"WebPage\",\"@id\":\"https:\\\/\\\/atva-conference.org\\\/2024\\\/call-for-papers\\\/accepted-papers\\\/\",\"url\":\"https:\\\/\\\/atva-conference.org\\\/2024\\\/call-for-papers\\\/accepted-papers\\\/\",\"name\":\"Accepted Papers - ATVA 2024, Kyoto, Japan\",\"isPartOf\":{\"@id\":\"https:\\\/\\\/atva-conference.org\\\/2024\\\/#website\"},\"datePublished\":\"2018-06-27T19:37:22+00:00\",\"dateModified\":\"2024-11-27T02:00:03+00:00\",\"breadcrumb\":{\"@id\":\"https:\\\/\\\/atva-conference.org\\\/2024\\\/call-for-papers\\\/accepted-papers\\\/#breadcrumb\"},\"inLanguage\":\"en-US\",\"potentialAction\":[{\"@type\":\"ReadAction\",\"target\":[\"https:\\\/\\\/atva-conference.org\\\/2024\\\/call-for-papers\\\/accepted-papers\\\/\"]}]},{\"@type\":\"BreadcrumbList\",\"@id\":\"https:\\\/\\\/atva-conference.org\\\/2024\\\/call-for-papers\\\/accepted-papers\\\/#breadcrumb\",\"itemListElement\":[{\"@type\":\"ListItem\",\"position\":1,\"name\":\"Home\",\"item\":\"https:\\\/\\\/atva-conference.org\\\/2024\\\/\"},{\"@type\":\"ListItem\",\"position\":2,\"name\":\"Call for Papers\",\"item\":\"https:\\\/\\\/atva-conference.org\\\/2024\\\/call-for-papers\\\/\"},{\"@type\":\"ListItem\",\"position\":3,\"name\":\"Accepted Papers\"}]},{\"@type\":\"WebSite\",\"@id\":\"https:\\\/\\\/atva-conference.org\\\/2024\\\/#website\",\"url\":\"https:\\\/\\\/atva-conference.org\\\/2024\\\/\",\"name\":\"ATVA 2024, Kyoto, Japan\",\"description\":\"22nd International Symposium on Automated Technology for Verification and Analysis\",\"potentialAction\":[{\"@type\":\"SearchAction\",\"target\":{\"@type\":\"EntryPoint\",\"urlTemplate\":\"https:\\\/\\\/atva-conference.org\\\/2024\\\/?s={search_term_string}\"},\"query-input\":{\"@type\":\"PropertyValueSpecification\",\"valueRequired\":true,\"valueName\":\"search_term_string\"}}],\"inLanguage\":\"en-US\"}]}<\/script>\n<!-- \/ Yoast SEO plugin. -->","yoast_head_json":{"title":"Accepted Papers - ATVA 2024, Kyoto, Japan","robots":{"index":"index","follow":"follow","max-snippet":"max-snippet:-1","max-image-preview":"max-image-preview:large","max-video-preview":"max-video-preview:-1"},"canonical":"https:\/\/atva-conference.org\/2024\/call-for-papers\/accepted-papers\/","og_locale":"en_US","og_type":"article","og_title":"Accepted Papers - ATVA 2024, Kyoto, Japan","og_description":"Yu-Cheng Wu, I-Ching Tseng and Chung-Wei Lin Deep-Reinforcement-Learning-Based Design Space Exploration for Time-Sensitive Networking Maximilian Alexander K\u00f6hl,&nbsp;Clemens Dubslaff&nbsp;and&nbsp;Holger Hermanns Configuration Monitor Synthesis Mishel Carelli and&nbsp;Orna Grumberg CTL* Verification and Synthesis using Existential Horn Clauses Gijs P. Leemrijse, Tom T.P. Franken and&nbsp;Thomas Neele Formalisation of a new weak Semantics for AuDaLa Raz Lotan, Eden Frenkel and&nbsp;Sharon&hellip;","og_url":"https:\/\/atva-conference.org\/2024\/call-for-papers\/accepted-papers\/","og_site_name":"ATVA 2024, Kyoto, Japan","article_modified_time":"2024-11-27T02:00:03+00:00","twitter_card":"summary_large_image","twitter_misc":{"Est. reading time":"2 minutes"},"schema":{"@context":"https:\/\/schema.org","@graph":[{"@type":"WebPage","@id":"https:\/\/atva-conference.org\/2024\/call-for-papers\/accepted-papers\/","url":"https:\/\/atva-conference.org\/2024\/call-for-papers\/accepted-papers\/","name":"Accepted Papers - ATVA 2024, Kyoto, Japan","isPartOf":{"@id":"https:\/\/atva-conference.org\/2024\/#website"},"datePublished":"2018-06-27T19:37:22+00:00","dateModified":"2024-11-27T02:00:03+00:00","breadcrumb":{"@id":"https:\/\/atva-conference.org\/2024\/call-for-papers\/accepted-papers\/#breadcrumb"},"inLanguage":"en-US","potentialAction":[{"@type":"ReadAction","target":["https:\/\/atva-conference.org\/2024\/call-for-papers\/accepted-papers\/"]}]},{"@type":"BreadcrumbList","@id":"https:\/\/atva-conference.org\/2024\/call-for-papers\/accepted-papers\/#breadcrumb","itemListElement":[{"@type":"ListItem","position":1,"name":"Home","item":"https:\/\/atva-conference.org\/2024\/"},{"@type":"ListItem","position":2,"name":"Call for Papers","item":"https:\/\/atva-conference.org\/2024\/call-for-papers\/"},{"@type":"ListItem","position":3,"name":"Accepted Papers"}]},{"@type":"WebSite","@id":"https:\/\/atva-conference.org\/2024\/#website","url":"https:\/\/atva-conference.org\/2024\/","name":"ATVA 2024, Kyoto, Japan","description":"22nd International Symposium on Automated Technology for Verification and Analysis","potentialAction":[{"@type":"SearchAction","target":{"@type":"EntryPoint","urlTemplate":"https:\/\/atva-conference.org\/2024\/?s={search_term_string}"},"query-input":{"@type":"PropertyValueSpecification","valueRequired":true,"valueName":"search_term_string"}}],"inLanguage":"en-US"}]}},"jetpack_sharing_enabled":true,"_links":{"self":[{"href":"https:\/\/atva-conference.org\/2024\/wp-json\/wp\/v2\/pages\/185","targetHints":{"allow":["GET"]}}],"collection":[{"href":"https:\/\/atva-conference.org\/2024\/wp-json\/wp\/v2\/pages"}],"about":[{"href":"https:\/\/atva-conference.org\/2024\/wp-json\/wp\/v2\/types\/page"}],"author":[{"embeddable":true,"href":"https:\/\/atva-conference.org\/2024\/wp-json\/wp\/v2\/users\/1"}],"replies":[{"embeddable":true,"href":"https:\/\/atva-conference.org\/2024\/wp-json\/wp\/v2\/comments?post=185"}],"version-history":[{"count":5,"href":"https:\/\/atva-conference.org\/2024\/wp-json\/wp\/v2\/pages\/185\/revisions"}],"predecessor-version":[{"id":741,"href":"https:\/\/atva-conference.org\/2024\/wp-json\/wp\/v2\/pages\/185\/revisions\/741"}],"up":[{"embeddable":true,"href":"https:\/\/atva-conference.org\/2024\/wp-json\/wp\/v2\/pages\/32"}],"wp:attachment":[{"href":"https:\/\/atva-conference.org\/2024\/wp-json\/wp\/v2\/media?parent=185"}],"curies":[{"name":"wp","href":"https:\/\/api.w.org\/{rel}","templated":true}]}}