{"id":30,"date":"2017-12-15T21:47:17","date_gmt":"2017-12-15T21:47:17","guid":{"rendered":"http:\/\/atva-conference.org\/?page_id=30"},"modified":"2022-01-10T00:54:22","modified_gmt":"2022-01-10T00:54:22","slug":"organization","status":"publish","type":"page","link":"https:\/\/atva-conference.org\/2022\/organization\/","title":{"rendered":"Organization"},"content":{"rendered":"<h3><strong>General Chair<\/strong><\/h3>\n<ul>\n<li>\n<h4><a href=\"http:\/\/lcs.ios.ac.cn\/~lhm\/\" target=\"_blank\" rel=\"noopener\">Huimin Lin<\/a>, Institute of Software, Chinese Academy of Sciences<\/h4>\n<\/li>\n<\/ul>\n<h3><strong>Program Co-Chairs<\/strong><\/h3>\n<ul>\n<li style=\"list-style-type: none;\">\n<ul><!--\n \t\n\n<li>\n\n\n<h4><a href=\"\" target=\"_blank\" rel=\"noopener\"><\/a><\/h4>\n\n\n<\/li>\n\n\n--><\/ul>\n<\/li>\n<\/ul>\n<ul>\n<li>\n<h4><a href=\"https:\/\/www.irif.fr\/~abou\/\" target=\"_blank\" rel=\"noopener\">Ahmed Bouajjani<\/a>, IRIF, Paris-Diderot University<\/h4>\n<\/li>\n<li>\n<h4><a href=\"https:\/\/www.fit.vut.cz\/person\/holik\/.en\" target=\"_blank\" rel=\"noopener\">Luk\u00e1\u0161 Hol\u00edk<\/a>, Brno University of Technology<\/h4>\n<\/li>\n<li>\n<h4><a href=\"http:\/\/lcs.ios.ac.cn\/~wuzl\/\" target=\"_blank\" rel=\"noopener\">Zhilin Wu<\/a>, Institute of Software, Chinese Academy of Sciences<\/h4>\n<\/li>\n<\/ul>\n<h3><strong>Local Organization Chair<\/strong><\/h3>\n<ul>\n<li>\n<h4><a href=\"http:\/\/lcs.ios.ac.cn\/~yrj\/\" target=\"_blank\" rel=\"noopener\">Rongjie Yan<\/a>, Institute of Software, Chinese Academy of Sciences<\/h4>\n<\/li>\n<\/ul>\n<h3><strong>Program Committee<\/strong><\/h3>\n<ul>\n<li><a href=\"https:\/\/www.irif.fr\/~asarin\/\" target=\"_blank\" rel=\"noopener\">Eugene Asarin<\/a>, IRIF, University Paris Diderot, France<\/li>\n<li><a href=\"https:\/\/wwwtcs.inf.tu-dresden.de\/~baier\/\" target=\"_blank\" rel=\"noopener\">Christel Baier<\/a>, TU Dresden, Germany<\/li>\n<li><a href=\"https:\/\/www.cse.iitb.ac.in\/~supratik\/\" target=\"_blank\" rel=\"noopener\">Supratik Chakraborty<\/a>, IIT Bombay, India<\/li>\n<li><a href=\"https:\/\/homepage.iis.sinica.edu.tw\/pages\/yfc\/vita_en.html\" target=\"_blank\" rel=\"noopener\">Yu-Fang Chen<\/a>, Academia Sinica, Taiwan<\/li>\n<li><a href=\"https:\/\/www.bbk.ac.uk\/our-staff\/profile\/9152019\/taolue-chen\" target=\"_blank\" rel=\"noopener\">Taolue Chen<\/a>, Birkbeck, University of London, United Kingdom<\/li>\n<li><a href=\"http:\/\/sselab.dothome.co.kr\/wordpress\/index.php\/yunjachoi\/\" target=\"_blank\" rel=\"noopener\">Yunja Choi<\/a>, Kyungpook National University, South Korea<\/li>\n<li><a href=\"https:\/\/es-static.fbk.eu\/people\/cimatti\/\" target=\"_blank\" rel=\"noopener\">Alessandro Cimatti<\/a>, Fondazione Bruno Kessler, Italy<\/li>\n<li><a href=\"http:\/\/uet.vnu.edu.vn\/~dvh\/\" target=\"_blank\" rel=\"noopener\">Hung Dang Van<\/a>, UET, Vietnam National University, Vietnam<\/li>\n<li><a href=\"https:\/\/www.di.ens.fr\/~cezarad\/\" target=\"_blank\" rel=\"noopener\">Cezara Dragoi<\/a>, Inria Paris, ENS, France<\/li>\n<li><a href=\"http:\/\/michael-emmi.github.io\/\" target=\"_blank\" rel=\"noopener\">Michael Emmi<\/a>, Amazon Web Services, United States<\/li>\n<li><a href=\"https:\/\/www.react.uni-saarland.de\/people\/finkbeiner.html\" target=\"_blank\" rel=\"noopener\">Bernd Finkbeiner<\/a>, CISPA Helmholtz Center for Information Security, Germany<\/li>\n<li><a href=\"https:\/\/jhc.sjtu.edu.cn\/~hongfeifu\/\" target=\"_blank\" rel=\"noopener\">Hongfei Fu<\/a>, Shanghai Jiao Tong University, China<\/li>\n<li><a href=\"https:\/\/ece.uwaterloo.ca\/~vganesh\/\" target=\"_blank\" rel=\"noopener\">Vijay Ganesh<\/a>, University of Waterloo, Canada<\/li>\n<li><a href=\"https:\/\/group-mmm.org\/~ichiro\/\" target=\"_blank\" rel=\"noopener\">Ichiro Hasuo<\/a>, National Institute of Informatics, Japan<\/li>\n<li><a href=\"https:\/\/feihe.github.io\/\" target=\"_blank\" rel=\"noopener\">Fei He<\/a>, Tsinghua University, China<\/li>\n<li><a href=\"https:\/\/zhehou.github.io\/\" target=\"_blank\" rel=\"noopener\">Zhe Hou<\/a>, Griffith University, Australia<\/li>\n<li><a href=\"http:\/\/cc.ee.ntu.edu.tw\/~jhjiang\/\" target=\"_blank\" rel=\"noopener\">Jie-Hong Roland Jiang<\/a>, National Taiwan University, Taiwan<\/li>\n<li><a href=\"https:\/\/www.cs.huji.ac.il\/~ornak\/\" target=\"_blank\" rel=\"noopener\">Orna Kupferman<\/a>, Hebrew University, Israel<\/li>\n<li><a href=\"https:\/\/anthonywlin.github.io\/\" target=\"_blank\" rel=\"noopener\">Anthony Widjaja Lin<\/a>, TU Kaiserslautern, Germany<\/li>\n<li><a href=\"https:\/\/www.tcs.cs.tu-bs.de\/group\/meyer\/home.html\" target=\"_blank\" rel=\"noopener\">Roland Meyer<\/a>, TU Braunschweig, Germany<\/li>\n<li><a href=\"https:\/\/kedar-namjoshi.github.io\/\" target=\"_blank\" rel=\"noopener\">Kedar Namjoshi<\/a>, Bell Lab, United States<\/li>\n<li><a href=\"https:\/\/www.cmi.ac.in\/~kumar\/\" target=\"_blank\" rel=\"noopener\">K. Narayan Kumar<\/a>, Chennai Mathematical Institute, India<\/li>\n<li><a href=\"http:\/\/www.jaist.ac.jp\/~mizuhito\/\" target=\"_blank\" rel=\"noopener\">Mizuhito Ogawa<\/a>, Japan Advanced Institute of Science and Technology, Japan<\/li>\n<li><a href=\"https:\/\/u.cs.biu.ac.il\/~peledd\/\" target=\"_blank\" rel=\"noopener\">Doron Peled<\/a>, Bar Ilan University, Israel<\/li>\n<li><a href=\"https:\/\/swt.informatik.uni-freiburg.de\/staff\/podelski\" target=\"_blank\" rel=\"noopener\">Andreas Podelski<\/a>, University of Freiburg, Germany<\/li>\n<li><a href=\"https:\/\/people.cs.ksu.edu\/~pprabhakar\/\" target=\"_blank\" rel=\"noopener\">Pavithra Prabhakar<\/a>, Kansas State University, United States<\/li>\n<li><a href=\"http:\/\/homepage.cs.uiowa.edu\/~ajreynol\/\" target=\"_blank\" rel=\"noopener\">Andrew Reynolds<\/a>, University of Iowa, United States<\/li>\n<li><a href=\"https:\/\/www.fit.vut.cz\/person\/rogalew\/.en\" target=\"_blank\" rel=\"noopener\">Adam Rogalewicz<\/a>, FIT\/Brno University of Technology, Czech Republic<\/li>\n<li><a href=\"http:\/\/www.philipp.ruemmer.org\/\" target=\"_blank\" rel=\"noopener\">Philipp Ruemmer<\/a>, Uppsala University, Sweden<\/li>\n<li><a href=\"https:\/\/software.imdea.org\/~cesar\/\" target=\"_blank\" rel=\"noopener\">Cesar Sanchez<\/a>, IMDEA Software Institute, Spain<\/li>\n<li><a href=\"https:\/\/www.irif.fr\/~sangnier\/main-sangnier-en.html\" target=\"_blank\" rel=\"noopener\">Arnaud Sangnier<\/a>, IRIF, Univ Paris Diderot, CNRS, France<\/li>\n<li><a href=\"https:\/\/cgi.csc.liv.ac.uk\/~sven\/\" target=\"_blank\" rel=\"noopener\">Sven Schewe<\/a>, University of Liverpool, United Kingdom<\/li>\n<li><a href=\"https:\/\/www.irif.fr\/~sighirea\/\" target=\"_blank\" rel=\"noopener\">Mihaela Sighireanu<\/a>, LMF, ENS Paris-Saclay, Universit\u00e9 Paris-Saclay and CNRS, France<\/li>\n<li><a href=\"https:\/\/faculty.sist.shanghaitech.edu.cn\/faculty\/songfu\/\" target=\"_blank\" rel=\"noopener\">Fu Song<\/a>, School of Information Science and Technology, ShanghaiTech University, China<\/li>\n<li><a href=\"http:\/\/people.cs.aau.dk\/~srba\/publ.html\" target=\"_blank\" rel=\"noopener\">Jiri Srba<\/a>, Aalborg University, Denmark<\/li>\n<li><a href=\"https:\/\/www.cmi.ac.in\/~sri\/\" target=\"_blank\" rel=\"noopener\">B Srivathsan<\/a>, Chennai Mathematical Institute, India<\/li>\n<li><a href=\"https:\/\/sunjun.site\/\" target=\"_blank\" rel=\"noopener\">Jun Sun<\/a>, Singapore Management University, Singapore<\/li>\n<li><a href=\"https:\/\/www.microsoft.com\/en-us\/research\/people\/margus\/\" target=\"_blank\" rel=\"noopener\">Margus Veanes<\/a>, Microsoft, United States<\/li>\n<li><a href=\"https:\/\/sites.usc.edu\/chaowang\/\" target=\"_blank\" rel=\"noopener\">Chao Wang<\/a>, University of Southern California, United States<\/li>\n<li><a href=\"https:\/\/homepage.iis.sinica.edu.tw\/~bywang\/\" target=\"_blank\" rel=\"noopener\">Bow-Yaw Wang<\/a>, Academia Sinica, Taiwan<\/li>\n<\/ul>\n<h3><strong>Steering Committee<\/strong><\/h3>\n<ul>\n<li><a href=\"https:\/\/iis.sinica.edu.tw\/~yfc\" target=\"_blank\" rel=\"noopener\">Yu-Fang Chen<\/a>, Academia Sinica<\/li>\n<li><a href=\"http:\/\/sselab.dothome.co.kr\/wordpress\/index.php\/yunjachoi\/\" target=\"_blank\" rel=\"noopener\">Yunja Choi<\/a>, Kyungpook National University<\/li>\n<li><a href=\"https:\/\/group-mmm.org\/~ichiro\/\" target=\"_blank\" rel=\"noopener\">Ichiro Hasuo<\/a>, National Institute of Informatics<\/li>\n<li><a href=\"http:\/\/cc.ee.ntu.edu.tw\/~jhjiang\/\" target=\"_blank\" rel=\"noopener\">Jie-Hong Roland Jiang<\/a>, National Taiwan University<\/li>\n<li><a href=\"http:\/\/u.cs.biu.ac.il\/~doronp\/\" target=\"_blank\" rel=\"noopener\">Doron A Peled<\/a>, Bar Ilan University<\/li>\n<\/ul>\n<h3><strong>Advisory Committee<\/strong><\/h3>\n<ul>\n<li><a href=\"http:\/\/www.cs.utexas.edu\/~emerson\/\" target=\"_blank\" rel=\"noopener\">E. Allen Emerson<\/a>, University of Texas, Austin<\/li>\n<li><a href=\"http:\/\/www-higashi.ist.osaka-u.ac.jp\/~higashino\/\" target=\"_blank\" rel=\"noopener\">Teruo Higashino<\/a>, Osaka University<\/li>\n<li><a href=\"https:\/\/www.cs.ucsb.edu\/~ibarra\/\" target=\"_blank\" rel=\"noopener\">Oscar H. Ibarra<\/a>, University of California, Santa Barbara<\/li>\n<li><a href=\"http:\/\/www.cis.upenn.edu\/~lee\/home\/home\/index.shtml\" target=\"_blank\" rel=\"noopener\">Insup Lee<\/a>, University of Pennsylvania<\/li>\n<li><a href=\"http:\/\/cc.ee.ntu.edu.tw\/~farn\/\" target=\"_blank\" rel=\"noopener\">Farn Wang<\/a>, National Taiwan University<\/li>\n<li><a href=\"http:\/\/cc.ee.ntu.edu.tw\/~yen\/\" target=\"_blank\" rel=\"noopener\">Hsu-Chun Yen<\/a>, National Taiwan University<\/li>\n<\/ul>\n","protected":false},"excerpt":{"rendered":"<p>General Chair Huimin Lin, Institute of Software, Chinese Academy of Sciences Program Co-Chairs Ahmed Bouajjani, IRIF, Paris-Diderot University Luk\u00e1\u0161 Hol\u00edk, Brno University of Technology Zhilin Wu, Institute of Software, Chinese Academy of Sciences Local Organization Chair Rongjie Yan, Institute of Software, Chinese Academy of Sciences Program Committee Eugene Asarin, IRIF, University Paris Diderot, France Christel&hellip;<\/p>\n","protected":false},"author":1,"featured_media":0,"parent":0,"menu_order":0,"comment_status":"closed","ping_status":"closed","template":"","meta":{"nf_dc_page":"","footnotes":""},"class_list":["post-30","page","type-page","status-publish","hentry"],"_links":{"self":[{"href":"https:\/\/atva-conference.org\/2022\/wp-json\/wp\/v2\/pages\/30","targetHints":{"allow":["GET"]}}],"collection":[{"href":"https:\/\/atva-conference.org\/2022\/wp-json\/wp\/v2\/pages"}],"about":[{"href":"https:\/\/atva-conference.org\/2022\/wp-json\/wp\/v2\/types\/page"}],"author":[{"embeddable":true,"href":"https:\/\/atva-conference.org\/2022\/wp-json\/wp\/v2\/users\/1"}],"replies":[{"embeddable":true,"href":"https:\/\/atva-conference.org\/2022\/wp-json\/wp\/v2\/comments?post=30"}],"version-history":[{"count":5,"href":"https:\/\/atva-conference.org\/2022\/wp-json\/wp\/v2\/pages\/30\/revisions"}],"predecessor-version":[{"id":367,"href":"https:\/\/atva-conference.org\/2022\/wp-json\/wp\/v2\/pages\/30\/revisions\/367"}],"wp:attachment":[{"href":"https:\/\/atva-conference.org\/2022\/wp-json\/wp\/v2\/media?parent=30"}],"curies":[{"name":"wp","href":"https:\/\/api.w.org\/{rel}","templated":true}]}}